{"id":768,"date":"2024-04-06T09:33:53","date_gmt":"2024-04-06T07:33:53","guid":{"rendered":"https:\/\/www.pablovasquez.com\/?post_type=product&#038;p=768"},"modified":"2025-11-30T22:58:57","modified_gmt":"2025-11-30T21:58:57","slug":"elea-et-la-voisine-disparue","status":"publish","type":"product","link":"https:\/\/www.pablovasquez.com\/index.php\/produit\/elea-et-la-voisine-disparue\/","title":{"rendered":"Elea et la voisine disparue"},"content":{"rendered":"<p>Livre jeunesse &#8211; Couleur format A4 &#8211;\u00a0 50 pages<br \/>\n<span>\u00ab\u00a0<\/span><i>Elea est une jeune fille pleine d&rsquo;\u00e9nergie qui habite au bord de la grande fissure. Aujourd&rsquo;hui elle se r\u00e9veille et quelque chose semble manquer&#8230; sa voisine d&rsquo;en face qui joue de la musique chaque matin, n&rsquo;est pas l\u00e0. Et ce silence est inqui\u00e9tant.<\/i><span>\u00ab\u00a0<\/span><\/p>\n<p><span>Un livre qui aborde le lien tiss\u00e9 avec nos a\u00een\u00e9s, la solitude et l&rsquo;oubli des personnes \u00e2g\u00e9es. Dans un monde fantastique o\u00f9 rejoindre sa voisine peut devenir une v\u00e9ritable aventure, le p\u00e9riple de la protagoniste nous fera voyager dans les lieux \u00e9tonnants de cet univers onirique.<\/span><\/p>\n<p><strong>ATTENTION<\/strong> <strong>Nouvelle publication &#8211; <\/strong>livraison d\u00e8s fin Avril !<\/p>\n<p><iframe loading=\"lazy\" title=\"ELEA et la voisine disparue - LIVRE JEUNESSE - LePueblo\" width=\"750\" height=\"422\" src=\"https:\/\/www.youtube.com\/embed\/2X135LY4Zec?feature=oembed\" frameborder=\"0\" allow=\"accelerometer; autoplay; clipboard-write; encrypted-media; gyroscope; picture-in-picture; web-share\" referrerpolicy=\"strict-origin-when-cross-origin\" allowfullscreen><\/iframe><\/p>\n","protected":false},"excerpt":{"rendered":"<p><span>Un conte qui aborde le lien tiss\u00e9 avec nos a\u00een\u00e9s, la solitude et l&rsquo;oubli des personnes \u00e2g\u00e9es. Dans un monde fantastique o\u00f9 rejoindre sa voisine peut devenir une v\u00e9ritable aventure, le p\u00e9riple d&rsquo;Elea nous fera voyager dans les lieux \u00e9tonnants de cet univers onirique.<\/span><\/p>\n","protected":false},"featured_media":774,"comment_status":"closed","ping_status":"closed","template":"","meta":{"_themeisle_gutenberg_block_has_review":false},"product_brand":[],"product_cat":[17],"product_tag":[],"class_list":{"0":"post-768","1":"product","2":"type-product","3":"status-publish","4":"has-post-thumbnail","6":"product_cat-livre-jeunesse","8":"first","9":"instock","10":"featured","11":"purchasable","12":"product-type-variable","13":"has-default-attributes"},"jetpack_sharing_enabled":true,"_links":{"self":[{"href":"https:\/\/www.pablovasquez.com\/index.php\/wp-json\/wp\/v2\/product\/768","targetHints":{"allow":["GET"]}}],"collection":[{"href":"https:\/\/www.pablovasquez.com\/index.php\/wp-json\/wp\/v2\/product"}],"about":[{"href":"https:\/\/www.pablovasquez.com\/index.php\/wp-json\/wp\/v2\/types\/product"}],"replies":[{"embeddable":true,"href":"https:\/\/www.pablovasquez.com\/index.php\/wp-json\/wp\/v2\/comments?post=768"}],"wp:featuredmedia":[{"embeddable":true,"href":"https:\/\/www.pablovasquez.com\/index.php\/wp-json\/wp\/v2\/media\/774"}],"wp:attachment":[{"href":"https:\/\/www.pablovasquez.com\/index.php\/wp-json\/wp\/v2\/media?parent=768"}],"wp:term":[{"taxonomy":"product_brand","embeddable":true,"href":"https:\/\/www.pablovasquez.com\/index.php\/wp-json\/wp\/v2\/product_brand?post=768"},{"taxonomy":"product_cat","embeddable":true,"href":"https:\/\/www.pablovasquez.com\/index.php\/wp-json\/wp\/v2\/product_cat?post=768"},{"taxonomy":"product_tag","embeddable":true,"href":"https:\/\/www.pablovasquez.com\/index.php\/wp-json\/wp\/v2\/product_tag?post=768"}],"curies":[{"name":"wp","href":"https:\/\/api.w.org\/{rel}","templated":true}]}}