{"id":455,"date":"2020-12-10T12:00:19","date_gmt":"2020-12-10T11:00:19","guid":{"rendered":"https:\/\/www.pablovasquez.com\/?post_type=product&#038;p=455"},"modified":"2025-12-29T10:19:57","modified_gmt":"2025-12-29T09:19:57","slug":"la-fabrique-tome-1-la-clef-envolee","status":"publish","type":"product","link":"https:\/\/www.pablovasquez.com\/index.php\/produit\/la-fabrique-tome-1-la-clef-envolee\/","title":{"rendered":"La Fabrique &#8211; T1 &#8211; La clef envol\u00e9e"},"content":{"rendered":"<p>BD &#8211; Couleur format A4 &#8211;\u00a0 70 pages<br \/>\nLa Fabrique est une bande dessin\u00e9e\u00a0<strong>fantastique\u00a0<\/strong><strong>onirique<\/strong><span>\u00a0sur un monde magique qui risque de s&rsquo;effondrer. Une BD qui entend faire\u00a0<\/span><span><strong>r\u00eaver<\/strong><\/span><span>\u00a0les gens en les faisant\u00a0<\/span><span><strong>r\u00e9fl\u00e9chir<\/strong><\/span><span>.<\/span><\/p>\n<p>Le monde est boulevers\u00e9 lorsque l&rsquo;entit\u00e9 qui le r\u00e9git,\u00a0<strong>la Fabrique<\/strong>, se d\u00e9r\u00e8gle. Le\u00a0M\u00e9canicien, seul capable de la r\u00e9parer, d\u00e9couvre que la clef de la Fabrique a \u00e9t\u00e9 vol\u00e9e et doit partir \u00e0 sa recherche avec son apprenti.<\/p>\n<p>Les aventures se d\u00e9roulent dans un univers\u00a0o\u00f9 le savoir-faire a presque disparu et o\u00f9 le mat\u00e9rialisme fait loi. Un monde rural o\u00f9 tout se troque, o\u00f9 les biens transitent de village en village gr\u00e2ce aux nombreux marchands ambulants qui sillonnent routes et for\u00eats. La\u00a0<strong>Fabrique<\/strong>\u00a0est le centre n\u00e9vralgique sacr\u00e9 et imp\u00e9n\u00e9trable autour duquel tournent les croyances et espoirs de tous. Outils, habits, boissons, armes, livres,\u00a0<u>tout pousse \u00e0 partir de cubes<\/u>, \u00e9mis par la Source de la Fabrique.<\/p>\n<p>Ce projet est n\u00e9 de l\u2019envie d\u2019aborder les th\u00e8mes suivants : la d\u00e9pendance aux objets, le savoir-faire, l\u2019artisanat, la valeur des choses, la croyance, le r\u00eave.<\/p>\n<p><iframe loading=\"lazy\" title=\"LaFabrique BD sur Ulule - LePueblo\" width=\"750\" height=\"422\" src=\"https:\/\/www.youtube.com\/embed\/ZliAmHEs_jI?feature=oembed\" frameborder=\"0\" allow=\"accelerometer; autoplay; clipboard-write; encrypted-media; gyroscope; picture-in-picture; web-share\" allowfullscreen><\/iframe><\/p>\n","protected":false},"excerpt":{"rendered":"<p>Bande dessin\u00e9e fantastique onirique sur un monde magique qui risque de s&rsquo;effondrer. Pour r\u00eaver et s&rsquo;interroger. (Voir vid\u00e9o de pr\u00e9sentation plus bas)<\/p>\n","protected":false},"featured_media":710,"comment_status":"closed","ping_status":"closed","template":"","meta":{"_themeisle_gutenberg_block_has_review":false},"product_brand":[],"product_cat":[18],"product_tag":[],"class_list":{"0":"post-455","1":"product","2":"type-product","3":"status-publish","4":"has-post-thumbnail","6":"product_cat-bd","8":"first","9":"instock","10":"featured","11":"purchasable","12":"product-type-variable","13":"has-default-attributes"},"jetpack_sharing_enabled":true,"_links":{"self":[{"href":"https:\/\/www.pablovasquez.com\/index.php\/wp-json\/wp\/v2\/product\/455","targetHints":{"allow":["GET"]}}],"collection":[{"href":"https:\/\/www.pablovasquez.com\/index.php\/wp-json\/wp\/v2\/product"}],"about":[{"href":"https:\/\/www.pablovasquez.com\/index.php\/wp-json\/wp\/v2\/types\/product"}],"replies":[{"embeddable":true,"href":"https:\/\/www.pablovasquez.com\/index.php\/wp-json\/wp\/v2\/comments?post=455"}],"wp:featuredmedia":[{"embeddable":true,"href":"https:\/\/www.pablovasquez.com\/index.php\/wp-json\/wp\/v2\/media\/710"}],"wp:attachment":[{"href":"https:\/\/www.pablovasquez.com\/index.php\/wp-json\/wp\/v2\/media?parent=455"}],"wp:term":[{"taxonomy":"product_brand","embeddable":true,"href":"https:\/\/www.pablovasquez.com\/index.php\/wp-json\/wp\/v2\/product_brand?post=455"},{"taxonomy":"product_cat","embeddable":true,"href":"https:\/\/www.pablovasquez.com\/index.php\/wp-json\/wp\/v2\/product_cat?post=455"},{"taxonomy":"product_tag","embeddable":true,"href":"https:\/\/www.pablovasquez.com\/index.php\/wp-json\/wp\/v2\/product_tag?post=455"}],"curies":[{"name":"wp","href":"https:\/\/api.w.org\/{rel}","templated":true}]}}