{"id":193,"date":"2020-05-06T17:46:10","date_gmt":"2020-05-06T15:46:10","guid":{"rendered":"http:\/\/dmrxzze.cluster028.hosting.ovh.net\/?page_id=193"},"modified":"2020-05-06T17:47:31","modified_gmt":"2020-05-06T15:47:31","slug":"environnement","status":"publish","type":"page","link":"https:\/\/www.pablovasquez.com\/index.php\/environnement\/","title":{"rendered":"Environnement"},"content":{"rendered":"\n<p>Concern\u00e9 par les probl\u00e9matiques li\u00e9es \u00e0 l&rsquo;environnement je participe \u00e0 des projets d&rsquo;information, d&rsquo;outils p\u00e9dagogiques et de sensibilisation autour de th\u00e9matiques importantes : l&rsquo;eau, le recyclage (mieux trier &amp; moins jeter), le respect de la faune.<\/p>\n\n\n\n<p>Je travaille en collaboration avec l&rsquo;organisme Semper-Virens sur la cr\u00e9ation d&rsquo;outils et d&rsquo;am\u00e9nagements p\u00e9dagogiques pour la protection de l&rsquo;environnement et la valorisation du territoire.<br>Je collabore \u00e9galement avec les communaut\u00e9s de communes.<\/p>\n\n\n\n<div class=\"wp-block-themeisle-blocks-advanced-columns has-1-columns has-desktop-equal-layout has-tablet-equal-layout has-mobile-equal-layout has-default-gap has-vertical-unset\" id=\"wp-block-themeisle-blocks-advanced-columns-8590d526\"><div class=\"wp-block-themeisle-blocks-advanced-columns-overlay\"><\/div><div class=\"innerblocks-wrap\">\n<div class=\"wp-block-themeisle-blocks-advanced-column\" id=\"wp-block-themeisle-blocks-advanced-column-015c0311\">\n<div class=\"wp-block-jetpack-tiled-gallery alignfull is-style-rectangular\"><div class=\"tiled-gallery__gallery\"><div class=\"tiled-gallery__row\"><div class=\"tiled-gallery__col\"><figure class=\"tiled-gallery__item\"><img decoding=\"async\" srcset=\"https:\/\/i0.wp.com\/dmrxzze.cluster028.hosting.ovh.net\/wp-content\/uploads\/2020\/05\/Environnement-Lievre-Raquettes-neige-faune-Le-Pueblo.jpg?strip=info&#038;w=600 600w,https:\/\/i0.wp.com\/dmrxzze.cluster028.hosting.ovh.net\/wp-content\/uploads\/2020\/05\/Environnement-Lievre-Raquettes-neige-faune-Le-Pueblo.jpg?strip=info&#038;w=900 900w,https:\/\/i0.wp.com\/dmrxzze.cluster028.hosting.ovh.net\/wp-content\/uploads\/2020\/05\/Environnement-Lievre-Raquettes-neige-faune-Le-Pueblo.jpg?strip=info&#038;w=1132 1132w\" alt=\"\" data-height=\"800\" data-id=\"194\" data-link=\"http:\/\/dmrxzze.cluster028.hosting.ovh.net\/?attachment_id=194\" data-url=\"http:\/\/dmrxzze.cluster028.hosting.ovh.net\/wp-content\/uploads\/2020\/05\/Environnement-Lievre-Raquettes-neige-faune-Le-Pueblo.jpg\" data-width=\"1132\" src=\"https:\/\/i0.wp.com\/dmrxzze.cluster028.hosting.ovh.net\/wp-content\/uploads\/2020\/05\/Environnement-Lievre-Raquettes-neige-faune-Le-Pueblo.jpg\"\/><\/figure><\/div><div class=\"tiled-gallery__col\"><figure class=\"tiled-gallery__item\"><img decoding=\"async\" srcset=\"https:\/\/i2.wp.com\/dmrxzze.cluster028.hosting.ovh.net\/wp-content\/uploads\/2020\/05\/Environnement-Faune-Lagopede-neige-Le-Pueblo.jpg?strip=info&#038;w=600 600w,https:\/\/i2.wp.com\/dmrxzze.cluster028.hosting.ovh.net\/wp-content\/uploads\/2020\/05\/Environnement-Faune-Lagopede-neige-Le-Pueblo.jpg?strip=info&#038;w=800 800w\" alt=\"\" data-height=\"840\" data-id=\"195\" data-link=\"http:\/\/dmrxzze.cluster028.hosting.ovh.net\/?attachment_id=195\" data-url=\"http:\/\/dmrxzze.cluster028.hosting.ovh.net\/wp-content\/uploads\/2020\/05\/Environnement-Faune-Lagopede-neige-Le-Pueblo.jpg\" data-width=\"800\" src=\"https:\/\/i2.wp.com\/dmrxzze.cluster028.hosting.ovh.net\/wp-content\/uploads\/2020\/05\/Environnement-Faune-Lagopede-neige-Le-Pueblo.jpg\"\/><\/figure><figure class=\"tiled-gallery__item\"><img decoding=\"async\" srcset=\"https:\/\/i2.wp.com\/dmrxzze.cluster028.hosting.ovh.net\/wp-content\/uploads\/2020\/05\/Environnement-ski-epicea-flore-respect-Le-Pueblo.jpg?strip=info&#038;w=600 600w,https:\/\/i2.wp.com\/dmrxzze.cluster028.hosting.ovh.net\/wp-content\/uploads\/2020\/05\/Environnement-ski-epicea-flore-respect-Le-Pueblo.jpg?strip=info&#038;w=900 900w,https:\/\/i2.wp.com\/dmrxzze.cluster028.hosting.ovh.net\/wp-content\/uploads\/2020\/05\/Environnement-ski-epicea-flore-respect-Le-Pueblo.jpg?strip=info&#038;w=1200 1200w,https:\/\/i2.wp.com\/dmrxzze.cluster028.hosting.ovh.net\/wp-content\/uploads\/2020\/05\/Environnement-ski-epicea-flore-respect-Le-Pueblo.jpg?strip=info&#038;w=1491 1491w\" alt=\"\" data-height=\"800\" data-id=\"196\" data-link=\"http:\/\/dmrxzze.cluster028.hosting.ovh.net\/?attachment_id=196\" data-url=\"http:\/\/dmrxzze.cluster028.hosting.ovh.net\/wp-content\/uploads\/2020\/05\/Environnement-ski-epicea-flore-respect-Le-Pueblo.jpg\" data-width=\"1491\" src=\"https:\/\/i2.wp.com\/dmrxzze.cluster028.hosting.ovh.net\/wp-content\/uploads\/2020\/05\/Environnement-ski-epicea-flore-respect-Le-Pueblo.jpg\"\/><\/figure><\/div><\/div><div class=\"tiled-gallery__row\"><div class=\"tiled-gallery__col\"><figure class=\"tiled-gallery__item\"><img decoding=\"async\" srcset=\"https:\/\/i2.wp.com\/dmrxzze.cluster028.hosting.ovh.net\/wp-content\/uploads\/2020\/05\/Environnement-neige-faune-respect-tetras-lyre-ski-Le-Pueblo-01.jpg?strip=info&#038;w=600 600w,https:\/\/i2.wp.com\/dmrxzze.cluster028.hosting.ovh.net\/wp-content\/uploads\/2020\/05\/Environnement-neige-faune-respect-tetras-lyre-ski-Le-Pueblo-01.jpg?strip=info&#038;w=900 900w,https:\/\/i2.wp.com\/dmrxzze.cluster028.hosting.ovh.net\/wp-content\/uploads\/2020\/05\/Environnement-neige-faune-respect-tetras-lyre-ski-Le-Pueblo-01.jpg?strip=info&#038;w=1120 1120w\" alt=\"\" data-height=\"800\" data-id=\"197\" data-link=\"http:\/\/dmrxzze.cluster028.hosting.ovh.net\/?attachment_id=197\" data-url=\"http:\/\/dmrxzze.cluster028.hosting.ovh.net\/wp-content\/uploads\/2020\/05\/Environnement-neige-faune-respect-tetras-lyre-ski-Le-Pueblo-01.jpg\" data-width=\"1120\" src=\"https:\/\/i2.wp.com\/dmrxzze.cluster028.hosting.ovh.net\/wp-content\/uploads\/2020\/05\/Environnement-neige-faune-respect-tetras-lyre-ski-Le-Pueblo-01.jpg\"\/><\/figure><\/div><div class=\"tiled-gallery__col\"><figure class=\"tiled-gallery__item\"><img decoding=\"async\" srcset=\"https:\/\/i0.wp.com\/dmrxzze.cluster028.hosting.ovh.net\/wp-content\/uploads\/2020\/05\/Environnement-lynx-abreuvoir-veratre-chien-paturage-Le-Pueblo.jpg?strip=info&#038;w=600 600w,https:\/\/i0.wp.com\/dmrxzze.cluster028.hosting.ovh.net\/wp-content\/uploads\/2020\/05\/Environnement-lynx-abreuvoir-veratre-chien-paturage-Le-Pueblo.jpg?strip=info&#038;w=800 800w\" alt=\"\" data-height=\"800\" data-id=\"198\" data-link=\"http:\/\/dmrxzze.cluster028.hosting.ovh.net\/?attachment_id=198\" data-url=\"http:\/\/dmrxzze.cluster028.hosting.ovh.net\/wp-content\/uploads\/2020\/05\/Environnement-lynx-abreuvoir-veratre-chien-paturage-Le-Pueblo.jpg\" data-width=\"800\" src=\"https:\/\/i0.wp.com\/dmrxzze.cluster028.hosting.ovh.net\/wp-content\/uploads\/2020\/05\/Environnement-lynx-abreuvoir-veratre-chien-paturage-Le-Pueblo.jpg\"\/><\/figure><\/div><div class=\"tiled-gallery__col\"><figure class=\"tiled-gallery__item\"><img decoding=\"async\" srcset=\"https:\/\/i0.wp.com\/dmrxzze.cluster028.hosting.ovh.net\/wp-content\/uploads\/2020\/05\/Environnement-parc-naturel-paturage-berger-chien-Le-Pueblo.jpg?strip=info&#038;w=600 600w,https:\/\/i0.wp.com\/dmrxzze.cluster028.hosting.ovh.net\/wp-content\/uploads\/2020\/05\/Environnement-parc-naturel-paturage-berger-chien-Le-Pueblo.jpg?strip=info&#038;w=800 800w\" alt=\"\" data-height=\"1082\" data-id=\"199\" data-link=\"http:\/\/dmrxzze.cluster028.hosting.ovh.net\/?attachment_id=199\" data-url=\"http:\/\/dmrxzze.cluster028.hosting.ovh.net\/wp-content\/uploads\/2020\/05\/Environnement-parc-naturel-paturage-berger-chien-Le-Pueblo.jpg\" data-width=\"800\" src=\"https:\/\/i0.wp.com\/dmrxzze.cluster028.hosting.ovh.net\/wp-content\/uploads\/2020\/05\/Environnement-parc-naturel-paturage-berger-chien-Le-Pueblo.jpg\"\/><\/figure><\/div><\/div><div class=\"tiled-gallery__row\"><div class=\"tiled-gallery__col\"><figure class=\"tiled-gallery__item\"><img decoding=\"async\" srcset=\"https:\/\/i0.wp.com\/dmrxzze.cluster028.hosting.ovh.net\/wp-content\/uploads\/2020\/05\/Environnement-parc-naturel-interdiction-reserve-Le-Pueblo.jpg?strip=info&#038;w=600 600w,https:\/\/i0.wp.com\/dmrxzze.cluster028.hosting.ovh.net\/wp-content\/uploads\/2020\/05\/Environnement-parc-naturel-interdiction-reserve-Le-Pueblo.jpg?strip=info&#038;w=800 800w\" alt=\"\" data-height=\"1135\" data-id=\"200\" data-link=\"http:\/\/dmrxzze.cluster028.hosting.ovh.net\/?attachment_id=200\" data-url=\"http:\/\/dmrxzze.cluster028.hosting.ovh.net\/wp-content\/uploads\/2020\/05\/Environnement-parc-naturel-interdiction-reserve-Le-Pueblo.jpg\" data-width=\"800\" src=\"https:\/\/i0.wp.com\/dmrxzze.cluster028.hosting.ovh.net\/wp-content\/uploads\/2020\/05\/Environnement-parc-naturel-interdiction-reserve-Le-Pueblo.jpg\"\/><\/figure><\/div><div class=\"tiled-gallery__col\"><figure class=\"tiled-gallery__item\"><img decoding=\"async\" srcset=\"https:\/\/i1.wp.com\/dmrxzze.cluster028.hosting.ovh.net\/wp-content\/uploads\/2020\/05\/Environnement-Panneau-avertissement-Tetras-Lyre-Le-Pueblo.jpg?strip=info&#038;w=600 600w,https:\/\/i1.wp.com\/dmrxzze.cluster028.hosting.ovh.net\/wp-content\/uploads\/2020\/05\/Environnement-Panneau-avertissement-Tetras-Lyre-Le-Pueblo.jpg?strip=info&#038;w=900 900w,https:\/\/i1.wp.com\/dmrxzze.cluster028.hosting.ovh.net\/wp-content\/uploads\/2020\/05\/Environnement-Panneau-avertissement-Tetras-Lyre-Le-Pueblo.jpg?strip=info&#038;w=928 928w\" alt=\"\" data-height=\"800\" data-id=\"201\" data-link=\"http:\/\/dmrxzze.cluster028.hosting.ovh.net\/?attachment_id=201\" data-url=\"http:\/\/dmrxzze.cluster028.hosting.ovh.net\/wp-content\/uploads\/2020\/05\/Environnement-Panneau-avertissement-Tetras-Lyre-Le-Pueblo.jpg\" data-width=\"928\" src=\"https:\/\/i1.wp.com\/dmrxzze.cluster028.hosting.ovh.net\/wp-content\/uploads\/2020\/05\/Environnement-Panneau-avertissement-Tetras-Lyre-Le-Pueblo.jpg\"\/><\/figure><figure class=\"tiled-gallery__item\"><img decoding=\"async\" srcset=\"https:\/\/i2.wp.com\/dmrxzze.cluster028.hosting.ovh.net\/wp-content\/uploads\/2020\/05\/Environnement-neige-faune-respect-tetras-lyre-raquette-Le-Pueblo-01.jpg?strip=info&#038;w=600 600w,https:\/\/i2.wp.com\/dmrxzze.cluster028.hosting.ovh.net\/wp-content\/uploads\/2020\/05\/Environnement-neige-faune-respect-tetras-lyre-raquette-Le-Pueblo-01.jpg?strip=info&#038;w=900 900w,https:\/\/i2.wp.com\/dmrxzze.cluster028.hosting.ovh.net\/wp-content\/uploads\/2020\/05\/Environnement-neige-faune-respect-tetras-lyre-raquette-Le-Pueblo-01.jpg?strip=info&#038;w=1112 1112w\" alt=\"\" data-height=\"800\" data-id=\"202\" data-link=\"http:\/\/dmrxzze.cluster028.hosting.ovh.net\/?attachment_id=202\" data-url=\"http:\/\/dmrxzze.cluster028.hosting.ovh.net\/wp-content\/uploads\/2020\/05\/Environnement-neige-faune-respect-tetras-lyre-raquette-Le-Pueblo-01.jpg\" data-width=\"1112\" src=\"https:\/\/i2.wp.com\/dmrxzze.cluster028.hosting.ovh.net\/wp-content\/uploads\/2020\/05\/Environnement-neige-faune-respect-tetras-lyre-raquette-Le-Pueblo-01.jpg\"\/><\/figure><figure class=\"tiled-gallery__item\"><img decoding=\"async\" srcset=\"https:\/\/i1.wp.com\/dmrxzze.cluster028.hosting.ovh.net\/wp-content\/uploads\/2020\/05\/Environnement-dechets-Panneau-le-Pueblo-02.jpg?strip=info&#038;w=600 600w,https:\/\/i1.wp.com\/dmrxzze.cluster028.hosting.ovh.net\/wp-content\/uploads\/2020\/05\/Environnement-dechets-Panneau-le-Pueblo-02.jpg?strip=info&#038;w=800 800w\" alt=\"\" data-height=\"800\" data-id=\"203\" data-link=\"http:\/\/dmrxzze.cluster028.hosting.ovh.net\/?attachment_id=203\" data-url=\"http:\/\/dmrxzze.cluster028.hosting.ovh.net\/wp-content\/uploads\/2020\/05\/Environnement-dechets-Panneau-le-Pueblo-02.jpg\" data-width=\"800\" src=\"https:\/\/i1.wp.com\/dmrxzze.cluster028.hosting.ovh.net\/wp-content\/uploads\/2020\/05\/Environnement-dechets-Panneau-le-Pueblo-02.jpg\"\/><\/figure><\/div><\/div><div class=\"tiled-gallery__row\"><div class=\"tiled-gallery__col\"><figure class=\"tiled-gallery__item\"><img decoding=\"async\" srcset=\"https:\/\/i0.wp.com\/dmrxzze.cluster028.hosting.ovh.net\/wp-content\/uploads\/2020\/05\/Environnement-dechets-Panneau-le-Pueblo-01.jpg?strip=info&#038;w=600 600w,https:\/\/i0.wp.com\/dmrxzze.cluster028.hosting.ovh.net\/wp-content\/uploads\/2020\/05\/Environnement-dechets-Panneau-le-Pueblo-01.jpg?strip=info&#038;w=800 800w\" alt=\"\" data-height=\"800\" data-id=\"204\" data-link=\"http:\/\/dmrxzze.cluster028.hosting.ovh.net\/?attachment_id=204\" data-url=\"http:\/\/dmrxzze.cluster028.hosting.ovh.net\/wp-content\/uploads\/2020\/05\/Environnement-dechets-Panneau-le-Pueblo-01.jpg\" data-width=\"800\" src=\"https:\/\/i0.wp.com\/dmrxzze.cluster028.hosting.ovh.net\/wp-content\/uploads\/2020\/05\/Environnement-dechets-Panneau-le-Pueblo-01.jpg\"\/><\/figure><figure class=\"tiled-gallery__item\"><img decoding=\"async\" srcset=\"https:\/\/i0.wp.com\/dmrxzze.cluster028.hosting.ovh.net\/wp-content\/uploads\/2020\/05\/Environnement-trier-dechets-poubelles-Le-Pueblo-05.jpg?strip=info&#038;w=600 600w,https:\/\/i0.wp.com\/dmrxzze.cluster028.hosting.ovh.net\/wp-content\/uploads\/2020\/05\/Environnement-trier-dechets-poubelles-Le-Pueblo-05.jpg?strip=info&#038;w=800 800w\" alt=\"\" data-height=\"571\" data-id=\"205\" data-link=\"http:\/\/dmrxzze.cluster028.hosting.ovh.net\/?attachment_id=205\" data-url=\"http:\/\/dmrxzze.cluster028.hosting.ovh.net\/wp-content\/uploads\/2020\/05\/Environnement-trier-dechets-poubelles-Le-Pueblo-05.jpg\" data-width=\"800\" src=\"https:\/\/i0.wp.com\/dmrxzze.cluster028.hosting.ovh.net\/wp-content\/uploads\/2020\/05\/Environnement-trier-dechets-poubelles-Le-Pueblo-05.jpg\"\/><\/figure><\/div><div class=\"tiled-gallery__col\"><figure class=\"tiled-gallery__item\"><img decoding=\"async\" srcset=\"https:\/\/i2.wp.com\/dmrxzze.cluster028.hosting.ovh.net\/wp-content\/uploads\/2020\/05\/Environnement-trier-dechets-poubelles-Le-Pueblo-04.jpg?strip=info&#038;w=600 600w,https:\/\/i2.wp.com\/dmrxzze.cluster028.hosting.ovh.net\/wp-content\/uploads\/2020\/05\/Environnement-trier-dechets-poubelles-Le-Pueblo-04.jpg?strip=info&#038;w=800 800w\" alt=\"\" data-height=\"571\" data-id=\"206\" data-link=\"http:\/\/dmrxzze.cluster028.hosting.ovh.net\/?attachment_id=206\" data-url=\"http:\/\/dmrxzze.cluster028.hosting.ovh.net\/wp-content\/uploads\/2020\/05\/Environnement-trier-dechets-poubelles-Le-Pueblo-04.jpg\" data-width=\"800\" src=\"https:\/\/i2.wp.com\/dmrxzze.cluster028.hosting.ovh.net\/wp-content\/uploads\/2020\/05\/Environnement-trier-dechets-poubelles-Le-Pueblo-04.jpg\"\/><\/figure><\/div><\/div><div class=\"tiled-gallery__row\"><div class=\"tiled-gallery__col\"><figure class=\"tiled-gallery__item\"><img decoding=\"async\" srcset=\"https:\/\/i1.wp.com\/dmrxzze.cluster028.hosting.ovh.net\/wp-content\/uploads\/2020\/05\/Environnement-trier-dechets-poubelles-Le-Pueblo-03.jpg?strip=info&#038;w=600 600w,https:\/\/i1.wp.com\/dmrxzze.cluster028.hosting.ovh.net\/wp-content\/uploads\/2020\/05\/Environnement-trier-dechets-poubelles-Le-Pueblo-03.jpg?strip=info&#038;w=800 800w\" alt=\"\" data-height=\"571\" data-id=\"207\" data-link=\"http:\/\/dmrxzze.cluster028.hosting.ovh.net\/?attachment_id=207\" data-url=\"http:\/\/dmrxzze.cluster028.hosting.ovh.net\/wp-content\/uploads\/2020\/05\/Environnement-trier-dechets-poubelles-Le-Pueblo-03.jpg\" data-width=\"800\" src=\"https:\/\/i1.wp.com\/dmrxzze.cluster028.hosting.ovh.net\/wp-content\/uploads\/2020\/05\/Environnement-trier-dechets-poubelles-Le-Pueblo-03.jpg\"\/><\/figure><\/div><div class=\"tiled-gallery__col\"><figure class=\"tiled-gallery__item\"><img decoding=\"async\" srcset=\"https:\/\/i1.wp.com\/dmrxzze.cluster028.hosting.ovh.net\/wp-content\/uploads\/2020\/05\/Environnement-trier-dechets-poubelles-Le-Pueblo-02.jpg?strip=info&#038;w=600 600w,https:\/\/i1.wp.com\/dmrxzze.cluster028.hosting.ovh.net\/wp-content\/uploads\/2020\/05\/Environnement-trier-dechets-poubelles-Le-Pueblo-02.jpg?strip=info&#038;w=800 800w\" alt=\"\" data-height=\"571\" data-id=\"208\" data-link=\"http:\/\/dmrxzze.cluster028.hosting.ovh.net\/?attachment_id=208\" data-url=\"http:\/\/dmrxzze.cluster028.hosting.ovh.net\/wp-content\/uploads\/2020\/05\/Environnement-trier-dechets-poubelles-Le-Pueblo-02.jpg\" data-width=\"800\" src=\"https:\/\/i1.wp.com\/dmrxzze.cluster028.hosting.ovh.net\/wp-content\/uploads\/2020\/05\/Environnement-trier-dechets-poubelles-Le-Pueblo-02.jpg\"\/><\/figure><figure class=\"tiled-gallery__item\"><img decoding=\"async\" srcset=\"https:\/\/i0.wp.com\/dmrxzze.cluster028.hosting.ovh.net\/wp-content\/uploads\/2020\/05\/Environnement-jeter-dechets-poubelles-Le-Pueblo-06.jpg?strip=info&#038;w=600 600w,https:\/\/i0.wp.com\/dmrxzze.cluster028.hosting.ovh.net\/wp-content\/uploads\/2020\/05\/Environnement-jeter-dechets-poubelles-Le-Pueblo-06.jpg?strip=info&#038;w=800 800w\" alt=\"\" data-height=\"571\" data-id=\"209\" data-link=\"http:\/\/dmrxzze.cluster028.hosting.ovh.net\/?attachment_id=209\" data-url=\"http:\/\/dmrxzze.cluster028.hosting.ovh.net\/wp-content\/uploads\/2020\/05\/Environnement-jeter-dechets-poubelles-Le-Pueblo-06.jpg\" data-width=\"800\" src=\"https:\/\/i0.wp.com\/dmrxzze.cluster028.hosting.ovh.net\/wp-content\/uploads\/2020\/05\/Environnement-jeter-dechets-poubelles-Le-Pueblo-06.jpg\"\/><\/figure><\/div><\/div><div class=\"tiled-gallery__row\"><div class=\"tiled-gallery__col\"><figure class=\"tiled-gallery__item\"><img decoding=\"async\" srcset=\"https:\/\/i0.wp.com\/dmrxzze.cluster028.hosting.ovh.net\/wp-content\/uploads\/2020\/05\/Environnement-jeter-dechets-poubelles-Le-Pueblo-05.jpg?strip=info&#038;w=600 600w,https:\/\/i0.wp.com\/dmrxzze.cluster028.hosting.ovh.net\/wp-content\/uploads\/2020\/05\/Environnement-jeter-dechets-poubelles-Le-Pueblo-05.jpg?strip=info&#038;w=800 800w\" alt=\"\" data-height=\"571\" data-id=\"210\" data-link=\"http:\/\/dmrxzze.cluster028.hosting.ovh.net\/?attachment_id=210\" data-url=\"http:\/\/dmrxzze.cluster028.hosting.ovh.net\/wp-content\/uploads\/2020\/05\/Environnement-jeter-dechets-poubelles-Le-Pueblo-05.jpg\" data-width=\"800\" src=\"https:\/\/i0.wp.com\/dmrxzze.cluster028.hosting.ovh.net\/wp-content\/uploads\/2020\/05\/Environnement-jeter-dechets-poubelles-Le-Pueblo-05.jpg\"\/><\/figure><\/div><div class=\"tiled-gallery__col\"><figure class=\"tiled-gallery__item\"><img decoding=\"async\" srcset=\"https:\/\/i0.wp.com\/dmrxzze.cluster028.hosting.ovh.net\/wp-content\/uploads\/2020\/05\/Environnement-jeter-dechets-poubelles-Le-Pueblo-04.jpg?strip=info&#038;w=600 600w,https:\/\/i0.wp.com\/dmrxzze.cluster028.hosting.ovh.net\/wp-content\/uploads\/2020\/05\/Environnement-jeter-dechets-poubelles-Le-Pueblo-04.jpg?strip=info&#038;w=800 800w\" alt=\"\" data-height=\"571\" data-id=\"211\" data-link=\"http:\/\/dmrxzze.cluster028.hosting.ovh.net\/?attachment_id=211\" data-url=\"http:\/\/dmrxzze.cluster028.hosting.ovh.net\/wp-content\/uploads\/2020\/05\/Environnement-jeter-dechets-poubelles-Le-Pueblo-04.jpg\" data-width=\"800\" src=\"https:\/\/i0.wp.com\/dmrxzze.cluster028.hosting.ovh.net\/wp-content\/uploads\/2020\/05\/Environnement-jeter-dechets-poubelles-Le-Pueblo-04.jpg\"\/><\/figure><\/div><div class=\"tiled-gallery__col\"><figure class=\"tiled-gallery__item\"><img decoding=\"async\" srcset=\"https:\/\/i0.wp.com\/dmrxzze.cluster028.hosting.ovh.net\/wp-content\/uploads\/2020\/05\/Environnement-jeter-dechets-poubelles-Le-Pueblo-02.jpg?strip=info&#038;w=600 600w,https:\/\/i0.wp.com\/dmrxzze.cluster028.hosting.ovh.net\/wp-content\/uploads\/2020\/05\/Environnement-jeter-dechets-poubelles-Le-Pueblo-02.jpg?strip=info&#038;w=800 800w\" alt=\"\" data-height=\"571\" data-id=\"212\" data-link=\"http:\/\/dmrxzze.cluster028.hosting.ovh.net\/?attachment_id=212\" data-url=\"http:\/\/dmrxzze.cluster028.hosting.ovh.net\/wp-content\/uploads\/2020\/05\/Environnement-jeter-dechets-poubelles-Le-Pueblo-02.jpg\" data-width=\"800\" src=\"https:\/\/i0.wp.com\/dmrxzze.cluster028.hosting.ovh.net\/wp-content\/uploads\/2020\/05\/Environnement-jeter-dechets-poubelles-Le-Pueblo-02.jpg\"\/><\/figure><\/div><\/div><div class=\"tiled-gallery__row\"><div class=\"tiled-gallery__col\"><figure class=\"tiled-gallery__item\"><img decoding=\"async\" srcset=\"https:\/\/i0.wp.com\/dmrxzze.cluster028.hosting.ovh.net\/wp-content\/uploads\/2020\/05\/Environnement-jeter-dechets-poubelles-Le-Pueblo-01.jpg?strip=info&#038;w=600 600w,https:\/\/i0.wp.com\/dmrxzze.cluster028.hosting.ovh.net\/wp-content\/uploads\/2020\/05\/Environnement-jeter-dechets-poubelles-Le-Pueblo-01.jpg?strip=info&#038;w=800 800w\" alt=\"\" data-height=\"571\" data-id=\"213\" data-link=\"http:\/\/dmrxzze.cluster028.hosting.ovh.net\/?attachment_id=213\" data-url=\"http:\/\/dmrxzze.cluster028.hosting.ovh.net\/wp-content\/uploads\/2020\/05\/Environnement-jeter-dechets-poubelles-Le-Pueblo-01.jpg\" data-width=\"800\" src=\"https:\/\/i0.wp.com\/dmrxzze.cluster028.hosting.ovh.net\/wp-content\/uploads\/2020\/05\/Environnement-jeter-dechets-poubelles-Le-Pueblo-01.jpg\"\/><\/figure><\/div><div class=\"tiled-gallery__col\"><figure class=\"tiled-gallery__item\"><img decoding=\"async\" srcset=\"https:\/\/i0.wp.com\/dmrxzze.cluster028.hosting.ovh.net\/wp-content\/uploads\/2020\/05\/Environnement-trier-dechets-vacances-Le-Pueblo.jpg?strip=info&#038;w=600 600w,https:\/\/i0.wp.com\/dmrxzze.cluster028.hosting.ovh.net\/wp-content\/uploads\/2020\/05\/Environnement-trier-dechets-vacances-Le-Pueblo.jpg?strip=info&#038;w=900 900w,https:\/\/i0.wp.com\/dmrxzze.cluster028.hosting.ovh.net\/wp-content\/uploads\/2020\/05\/Environnement-trier-dechets-vacances-Le-Pueblo.jpg?strip=info&#038;w=1200 1200w,https:\/\/i0.wp.com\/dmrxzze.cluster028.hosting.ovh.net\/wp-content\/uploads\/2020\/05\/Environnement-trier-dechets-vacances-Le-Pueblo.jpg?strip=info&#038;w=1500 1500w,https:\/\/i0.wp.com\/dmrxzze.cluster028.hosting.ovh.net\/wp-content\/uploads\/2020\/05\/Environnement-trier-dechets-vacances-Le-Pueblo.jpg?strip=info&#038;w=1800 1800w,https:\/\/i0.wp.com\/dmrxzze.cluster028.hosting.ovh.net\/wp-content\/uploads\/2020\/05\/Environnement-trier-dechets-vacances-Le-Pueblo.jpg?strip=info&#038;w=1879 1879w\" alt=\"\" data-height=\"600\" data-id=\"214\" data-link=\"http:\/\/dmrxzze.cluster028.hosting.ovh.net\/?attachment_id=214\" data-url=\"http:\/\/dmrxzze.cluster028.hosting.ovh.net\/wp-content\/uploads\/2020\/05\/Environnement-trier-dechets-vacances-Le-Pueblo.jpg\" data-width=\"1879\" src=\"https:\/\/i0.wp.com\/dmrxzze.cluster028.hosting.ovh.net\/wp-content\/uploads\/2020\/05\/Environnement-trier-dechets-vacances-Le-Pueblo.jpg\"\/><\/figure><\/div><div class=\"tiled-gallery__col\"><figure class=\"tiled-gallery__item\"><img decoding=\"async\" srcset=\"https:\/\/i0.wp.com\/dmrxzze.cluster028.hosting.ovh.net\/wp-content\/uploads\/2020\/05\/Environnement-reutiliser-recycler-dechets-Le-Pueblo.jpg?strip=info&#038;w=600 600w,https:\/\/i0.wp.com\/dmrxzze.cluster028.hosting.ovh.net\/wp-content\/uploads\/2020\/05\/Environnement-reutiliser-recycler-dechets-Le-Pueblo.jpg?strip=info&#038;w=800 800w\" alt=\"\" data-height=\"1657\" data-id=\"215\" data-link=\"http:\/\/dmrxzze.cluster028.hosting.ovh.net\/?attachment_id=215\" data-url=\"http:\/\/dmrxzze.cluster028.hosting.ovh.net\/wp-content\/uploads\/2020\/05\/Environnement-reutiliser-recycler-dechets-Le-Pueblo.jpg\" data-width=\"800\" src=\"https:\/\/i0.wp.com\/dmrxzze.cluster028.hosting.ovh.net\/wp-content\/uploads\/2020\/05\/Environnement-reutiliser-recycler-dechets-Le-Pueblo.jpg\"\/><\/figure><\/div><div class=\"tiled-gallery__col\"><figure class=\"tiled-gallery__item\"><img decoding=\"async\" srcset=\"https:\/\/i2.wp.com\/dmrxzze.cluster028.hosting.ovh.net\/wp-content\/uploads\/2020\/05\/Environnement-trier-recycler-dechets-Le-Pueblo.jpg?strip=info&#038;w=600 600w,https:\/\/i2.wp.com\/dmrxzze.cluster028.hosting.ovh.net\/wp-content\/uploads\/2020\/05\/Environnement-trier-recycler-dechets-Le-Pueblo.jpg?strip=info&#038;w=800 800w\" alt=\"\" data-height=\"1657\" data-id=\"216\" data-link=\"http:\/\/dmrxzze.cluster028.hosting.ovh.net\/?attachment_id=216\" data-url=\"http:\/\/dmrxzze.cluster028.hosting.ovh.net\/wp-content\/uploads\/2020\/05\/Environnement-trier-recycler-dechets-Le-Pueblo.jpg\" data-width=\"800\" src=\"https:\/\/i2.wp.com\/dmrxzze.cluster028.hosting.ovh.net\/wp-content\/uploads\/2020\/05\/Environnement-trier-recycler-dechets-Le-Pueblo.jpg\"\/><\/figure><\/div><\/div><\/div><\/div>\n<\/div>\n<\/div><\/div>\n","protected":false},"excerpt":{"rendered":"<p>Concern\u00e9 par les probl\u00e9matiques li\u00e9es \u00e0 l&rsquo;environnement je participe \u00e0 des projets d&rsquo;information, d&rsquo;outils p\u00e9dagogiques et de sensibilisation autour de th\u00e9matiques importantes : l&rsquo;eau, le recyclage (mieux trier &amp; moins jeter), le respect de la faune. Je travaille en collaboration avec l&rsquo;organisme Semper-Virens sur la cr\u00e9ation d&rsquo;outils et d&rsquo;am\u00e9nagements p\u00e9dagogiques [&hellip;]<\/p>\n","protected":false},"author":1,"featured_media":0,"parent":0,"menu_order":0,"comment_status":"closed","ping_status":"closed","template":"","meta":{"_themeisle_gutenberg_block_has_review":false,"footnotes":""},"class_list":["post-193","page","type-page","status-publish","hentry"],"jetpack_sharing_enabled":true,"_links":{"self":[{"href":"https:\/\/www.pablovasquez.com\/index.php\/wp-json\/wp\/v2\/pages\/193","targetHints":{"allow":["GET"]}}],"collection":[{"href":"https:\/\/www.pablovasquez.com\/index.php\/wp-json\/wp\/v2\/pages"}],"about":[{"href":"https:\/\/www.pablovasquez.com\/index.php\/wp-json\/wp\/v2\/types\/page"}],"author":[{"embeddable":true,"href":"https:\/\/www.pablovasquez.com\/index.php\/wp-json\/wp\/v2\/users\/1"}],"replies":[{"embeddable":true,"href":"https:\/\/www.pablovasquez.com\/index.php\/wp-json\/wp\/v2\/comments?post=193"}],"version-history":[{"count":2,"href":"https:\/\/www.pablovasquez.com\/index.php\/wp-json\/wp\/v2\/pages\/193\/revisions"}],"predecessor-version":[{"id":218,"href":"https:\/\/www.pablovasquez.com\/index.php\/wp-json\/wp\/v2\/pages\/193\/revisions\/218"}],"wp:attachment":[{"href":"https:\/\/www.pablovasquez.com\/index.php\/wp-json\/wp\/v2\/media?parent=193"}],"curies":[{"name":"wp","href":"https:\/\/api.w.org\/{rel}","templated":true}]}}